{"id":34,"date":"2018-03-11T14:24:28","date_gmt":"2018-03-11T14:24:28","guid":{"rendered":"http:\/\/wordpress.sportschuetzen-kritzmow.de\/?page_id=34"},"modified":"2023-10-04T18:04:04","modified_gmt":"2023-10-04T17:04:04","slug":"ergebnisse","status":"publish","type":"page","link":"https:\/\/wordpress.sportschuetzen-kritzmow.de\/?page_id=34","title":{"rendered":"Ergebnisse"},"content":{"rendered":"<div id=\"pl-34\"  class=\"panel-layout\" ><div id=\"pg-34-0\"  class=\"panel-grid panel-no-style\" ><div id=\"pgc-34-0-0\"  class=\"panel-grid-cell\" ><div id=\"panel-34-0-0-0\" class=\"so-panel widget widget_text panel-first-child panel-last-child\" data-index=\"0\" >\t\t\t<div class=\"textwidget\"><p><a href=\"http:\/\/wordpress.sportschuetzen-kritzmow.de\/wp-content\/uploads\/2023\/10\/230909-Ergebnisse-18.Snipertag-in-Kritzmow.pdf\" target=\"_blank\" rel=\"noopener\"><strong>Ergebnisse 18.Snipertag in Kritzmow<\/strong><\/a><\/p>\n<p><strong><a href=\"http:\/\/wordpress.sportschuetzen-kritzmow.de\/wp-content\/uploads\/2023\/08\/Protokoll-Koenigsschiessen-2023.pdf\">Ergebnisse Koenigsschie\u00dfen 07\/2023<\/a><\/strong><\/p>\n<p><strong><a href=\"http:\/\/wordpress.sportschuetzen-kritzmow.de\/wp-content\/uploads\/2023\/08\/23-06-24-Ergebnis-Kreiskoenigsschiessen.pdf\">Ergebnisse Kreiskoenigsschie\u00dfen 06\/2023<\/a><\/strong><\/p>\n<p><strong><a href=\"http:\/\/wordpress.sportschuetzen-kritzmow.de\/wp-content\/uploads\/2023\/06\/23-04-01-Ergebnisse-KM-KK.pdf\">Ergebnisse Kreismeisterschaften KK 04\/2023<\/a><\/strong><\/p>\n<p><strong><a href=\"http:\/\/wordpress.sportschuetzen-kritzmow.de\/wp-content\/uploads\/2023\/06\/23-02-25-Ergebin-KM-LD.pdf\">Ergebnisse Kreismeisterschaften Luftgewehr 03\/2023<\/a><\/strong><\/p>\n<p>&nbsp;<\/p>\n<p><strong>2022<\/strong><\/p>\n<p><a href=\"http:\/\/wordpress.sportschuetzen-kritzmow.de\/wp-content\/uploads\/2022\/08\/Protokoll-Koenigsschiessen-2022.xls\" target=\"_blank\" rel=\"noopener\"><strong>Protokoll K\u00f6nigsschie\u00dfen 2022<\/strong><\/a><\/p>\n<p><strong><a href=\"http:\/\/wordpress.sportschuetzen-kritzmow.de\/wp-content\/uploads\/2022\/10\/Ergebnislisten-Sniper-20221365.pdf\" target=\"_blank\" rel=\"noopener\">Ergebnislisten Sniper 2022<\/a><\/strong><\/p>\n<p><strong>2021<\/strong><\/p>\n<p><a href=\"http:\/\/wordpress.sportschuetzen-kritzmow.de\/wp-content\/uploads\/2021\/08\/Protokoll-K\u00f6nigsschie\u00dfen-2021.pdf\" target=\"_blank\" rel=\"noopener\"><strong>Protokoll K\u00f6nigsschie\u00dfen<\/strong> <strong>2021<\/strong><\/a><\/p>\n<p><strong><a href=\"http:\/\/wordpress.sportschuetzen-kritzmow.de\/wp-content\/uploads\/2021\/09\/Info-Schreiben.pdf\" target=\"_blank\" rel=\"noopener\">Info Schreiben<\/a><\/strong><\/p>\n<p><strong><a href=\"http:\/\/wordpress.sportschuetzen-kritzmow.de\/wp-content\/uploads\/2021\/09\/41xx.pdf\" target=\"_blank\" rel=\"noopener\">BDS Landesmeisterschaft Langwaffe Pr\u00e4zision 100m \/ 300m<\/a><\/strong><\/p>\n<p><strong><a href=\"http:\/\/wordpress.sportschuetzen-kritzmow.de\/wp-content\/uploads\/2021\/09\/41xx.pdf\" target=\"_blank\" rel=\"noopener\">BDS Landesmeisterschaft Langwaffe Pr\u00e4zision 100m \/ 300m<\/a><\/strong><\/p>\n<p><a href=\"http:\/\/wordpress.sportschuetzen-kritzmow.de\/wp-content\/uploads\/2021\/09\/Ergebnisse-16-Sniper-Tag.pdf\" target=\"_blank\" rel=\"noopener\"><strong>Ergebnisse 16 Sniper Tag<\/strong><\/a><\/p>\n<p><a href=\"http:\/\/wordpress.sportschuetzen-kritzmow.de\/wp-content\/uploads\/2021\/11\/Vereinsmeisterschaft-LD-2022.pdf\" target=\"_blank\" rel=\"noopener\"><strong>Vereinsmeisterschaft LD 2022<\/strong><\/a><\/p>\n<p><strong>2020<\/strong><\/p>\n<p><a href=\"http:\/\/wordpress.sportschuetzen-kritzmow.de\/wp-content\/uploads\/2020\/01\/Ergebnisse-Neujahrsschie\u00dfen-2020.pdf\" target=\"_blank\" rel=\"noopener\"><strong>Neujahrsschie\u00dfen 2020<\/strong><\/a><\/p>\n<p><a href=\"http:\/\/wordpress.sportschuetzen-kritzmow.de\/wp-content\/uploads\/2020\/01\/Ergebnis-KM_LD_2020.pdf\" target=\"_blank\" rel=\"noopener\"><strong>Ergebnis KM_LD_2020<\/strong><\/a><\/p>\n<p><a href=\"http:\/\/wordpress.sportschuetzen-kritzmow.de\/wp-content\/uploads\/2020\/09\/20-08-20-Ergebnisse-VM-GK.pdf\" target=\"_blank\" rel=\"noopener\"><strong>Ergebnisse VM-GK<\/strong><\/a><\/p>\n<p><strong><a href=\"http:\/\/wordpress.sportschuetzen-kritzmow.de\/wp-content\/uploads\/2020\/09\/Protokoll-K\u00f6nigsschie\u00dfen-2020.pdf\" target=\"_blank\" rel=\"noopener\">Protokoll K\u00f6nigsschie\u00dfen 2020<\/a><\/strong><\/p>\n<p><a href=\"http:\/\/wordpress.sportschuetzen-kritzmow.de\/wp-content\/uploads\/2020\/09\/Ergebnisliste-Snipertag-12.09.2020.pdf\" target=\"_blank\" rel=\"noopener\"><strong>Ergebnisliste Snipertag 2020<\/strong><\/a><\/p>\n<p><a href=\"http:\/\/wordpress.sportschuetzen-kritzmow.de\/wp-content\/uploads\/2020\/10\/Ergebinsliste-VM-KK-10-10-2020.pdf\" target=\"_blank\" rel=\"noopener\"><strong>Ergebinsliste VM KK 10-10-2020<\/strong><\/a><\/p>\n<p><strong><a href=\"http:\/\/wordpress.sportschuetzen-kritzmow.de\/wp-content\/uploads\/2020\/12\/JB-Blatt-1.pdf\" target=\"_blank\" rel=\"noopener\">Jahresbester 1<\/a> <\/strong><\/p>\n<p><a href=\"http:\/\/wordpress.sportschuetzen-kritzmow.de\/wp-content\/uploads\/2020\/12\/JB-Blatt2.pdf\" target=\"_blank\" rel=\"noopener\"><strong>Jahresbester 2<\/strong><\/a><\/p>\n<p><strong>2019<\/strong><\/p>\n<p><a href=\"http:\/\/wordpress.sportschuetzen-kritzmow.de\/wp-content\/uploads\/2019\/01\/19-01-05-Neujahrsschie\u00dfen-2019.pdf\" target=\"_blank\" rel=\"noopener\"><strong>Neujahrsschie\u00dfen 2019<\/strong><\/a><\/p>\n<p><strong><a href=\"http:\/\/wordpress.sportschuetzen-kritzmow.de\/wp-content\/uploads\/2019\/01\/19-01-12-Ergebnis-KM-LD.pdf\" target=\"_blank\" rel=\"noopener\">Ergebnisse KM-LD 2019<\/a><\/strong><\/p>\n<p><a href=\"http:\/\/wordpress.sportschuetzen-kritzmow.de\/wp-content\/uploads\/2019\/03\/19-03-16-Ergebnis-KM-KK.pdf\" target=\"_blank\" rel=\"noopener\"><strong>Ergebnisse KM KK 2019<\/strong><\/a><\/p>\n<p><strong><a href=\"http:\/\/wordpress.sportschuetzen-kritzmow.de\/wp-content\/uploads\/2019\/03\/19-03-23ErgebnisKM-GK-KW.pdf\">Ergebnisse KM GK 2019<\/a> <\/strong><\/p>\n<p><strong><a href=\"http:\/\/wordpress.sportschuetzen-kritzmow.de\/wp-content\/uploads\/2019\/04\/19-04-06-Ergebnis-Osterschie\u00dfen.pdf\" target=\"_blank\" rel=\"noopener\">Ergebnisse Osterschie\u00dfen 2019<\/a><\/strong><\/p>\n<p><a href=\"http:\/\/wordpress.sportschuetzen-kritzmow.de\/wp-content\/uploads\/2019\/08\/Protokoll-K\u00f6nigsschie\u00dfen-2019.pdf\" target=\"_blank\" rel=\"noopener\"><strong>Protokoll K\u00f6nigsschie\u00dfen 2019<\/strong><\/a><\/p>\n<p><a href=\"http:\/\/wordpress.sportschuetzen-kritzmow.de\/wp-content\/uploads\/2019\/09\/Protokoll-14.-Sniper-Tag-in-Kritzmow.pdf\" target=\"_blank\" rel=\"noopener\"><strong>Protokoll 14. Sniper Tag in Kritzmow<\/strong><\/a><\/p>\n<p><strong><a href=\"http:\/\/wordpress.sportschuetzen-kritzmow.de\/wp-content\/uploads\/2019\/10\/19-09-28-Ergebnis-Jahresbester.pdf\" target=\"_blank\" rel=\"noopener\">Ergebnisse Jahresbester 2019<\/a><\/strong><\/p>\n<p><a href=\"http:\/\/wordpress.sportschuetzen-kritzmow.de\/wp-content\/uploads\/2019\/10\/Protokoll-Mecklenburger-Seenpokal-2019.pdf\" target=\"_blank\" rel=\"noopener\"><strong>Protokoll Mecklenburger Seenpokal 2019<\/strong><\/a><\/p>\n<p><a href=\"http:\/\/wordpress.sportschuetzen-kritzmow.de\/wp-content\/uploads\/2019\/10\/Ergebnisse-Vereinsmeisterschaft-2019.pdf\" target=\"_blank\" rel=\"noopener\"><strong>Ergebnisse Vereinsmeisterschaft 2019<\/strong><\/a><\/p>\n<p><a href=\"http:\/\/wordpress.sportschuetzen-kritzmow.de\/wp-content\/uploads\/2019\/11\/19-10-26-VM-LD.pdf\" target=\"_blank\" rel=\"noopener\"><strong>Ergebnisse Vereinsmeisterschaft Luftdruck 2019<\/strong><\/a><\/p>\n<p><strong><a href=\"http:\/\/wordpress.sportschuetzen-kritzmow.de\/wp-content\/uploads\/2019\/12\/19-11-23-Ergebnis-VM-GK.pdf\" target=\"_blank\" rel=\"noopener\">Ergebnisse VM-GK<\/a><\/strong><\/p>\n<p><strong> <a href=\"http:\/\/wordpress.sportschuetzen-kritzmow.de\/wp-content\/uploads\/2019\/12\/19-11-23-Nachtschie\u00dfen-SGe-Kborn.pdf\" target=\"_blank\" rel=\"noopener\">Nachtschie\u00dfen SGe-Kborn<\/a><\/strong><\/p>\n<p><strong>2018<\/strong><\/p>\n<p><a href=\"http:\/\/wordpress.sportschuetzen-kritzmow.de\/wp-content\/uploads\/2018\/10\/Neujahrsschiesen_2018.pdf\" target=\"_blank\" rel=\"noopener\"><strong>Neujahrsschie\u00dfen 2018<\/strong><\/a><\/p>\n<p><a href=\"http:\/\/wordpress.sportschuetzen-kritzmow.de\/wp-content\/uploads\/2018\/10\/Ergebnis_Mannschaft_2113.pdf\" target=\"_blank\" rel=\"noopener\"><strong>Landesmeisterschaft Langwaffe Pr\u00e4zision 50m<\/strong><\/a><\/p>\n<p><a href=\"http:\/\/wordpress.sportschuetzen-kritzmow.de\/wp-content\/uploads\/2018\/10\/Osterschiessen_2018.pdf\" target=\"_blank\" rel=\"noopener\"><strong>Osterschie\u00dfen 2018<\/strong><\/a><\/p>\n<p><a href=\"http:\/\/wordpress.sportschuetzen-kritzmow.de\/wp-content\/uploads\/2018\/10\/Ergebnis_KM_KW_2018.pdf\" target=\"_blank\" rel=\"noopener\"><strong>Kreismeisterschaft Kurzwaffe 2018<\/strong><\/a><\/p>\n<p><a href=\"http:\/\/wordpress.sportschuetzen-kritzmow.de\/wp-content\/uploads\/2018\/10\/Ergebnis_KM_KK_LW_2018.pdf\" target=\"_blank\" rel=\"noopener\"><strong>Kreismeisterschaft Langwaffe KK 2018<\/strong><\/a><\/p>\n<p><a href=\"http:\/\/wordpress.sportschuetzen-kritzmow.de\/wp-content\/uploads\/2018\/10\/Pfingstschiessen_2018.pdf\" target=\"_blank\" rel=\"noopener\"><strong>Pfingstschie\u00dfen 2018<\/strong><\/a><\/p>\n<p><a href=\"http:\/\/wordpress.sportschuetzen-kritzmow.de\/wp-content\/uploads\/2018\/10\/Protokoll_Koenigsschiessen_2018.pdf\" target=\"_blank\" rel=\"noopener\"><strong>K\u00f6nigsschie\u00dfen 2018<\/strong><\/a><\/p>\n<p><a href=\"http:\/\/wordpress.sportschuetzen-kritzmow.de\/wp-content\/uploads\/2018\/10\/Ergebnisse-Sniper-2018.pdf\" target=\"_blank\" rel=\"noopener\"><strong>Ergebnisse Sniper 2018<\/strong><\/a><\/p>\n<p><a href=\"http:\/\/wordpress.sportschuetzen-kritzmow.de\/wp-content\/uploads\/2018\/10\/Ergebnisse_Kreiskoenig_2018.pdf\" target=\"_blank\" rel=\"noopener\"><strong>Kreisk\u00f6nigsschie\u00dfen 2018<\/strong><\/a><\/p>\n<p><strong><a href=\"http:\/\/wordpress.sportschuetzen-kritzmow.de\/wp-content\/uploads\/2018\/10\/Protokoll_Seenpokal.pdf\" target=\"_blank\" rel=\"noopener\">Ergenisse Mecklenburger Seenpokal<\/a><\/strong><\/p>\n<p><a href=\"http:\/\/wordpress.sportschuetzen-kritzmow.de\/wp-content\/uploads\/2018\/10\/18-10-05-Jahresbester-2018.pdf\" target=\"_blank\" rel=\"noopener\"><strong>Jahresbester 2018<\/strong><\/a><\/p>\n<p><a href=\"http:\/\/wordpress.sportschuetzen-kritzmow.de\/wp-content\/uploads\/2018\/10\/Ergebnisse_VM_2018.pdf\" target=\"_blank\" rel=\"noopener\"><strong>Ergebnisse VM 2018<\/strong><\/a><\/p>\n<p><a href=\"http:\/\/wordpress.sportschuetzen-kritzmow.de\/wp-content\/uploads\/2018\/10\/18-10-27-VM-LD-2018.pdf\" target=\"_blank\" rel=\"noopener\"><strong>VM-LD 2018<\/strong><\/a><\/p>\n<p><a href=\"http:\/\/wordpress.sportschuetzen-kritzmow.de\/wp-content\/uploads\/2018\/11\/18-11-04-VM-Jugend-LD-2018.pdf\" target=\"_blank\" rel=\"noopener\"><strong>VM Jugend LD 2018<\/strong><\/a><\/p>\n<p><a href=\"http:\/\/wordpress.sportschuetzen-kritzmow.de\/wp-content\/uploads\/2018\/11\/18-11-17-VM-GK-2018.pdf\" target=\"_blank\" rel=\"noopener\"><strong>VM-GK 2018<\/strong><\/a><\/p>\n<\/div>\n\t\t<\/div><\/div><\/div><\/div>","protected":false},"excerpt":{"rendered":"<p>Ergebnisse 18.Snipertag in Kritzmow Ergebnisse Koenigsschie\u00dfen 07\/2023 Ergebnisse Kreiskoenigsschie\u00dfen 06\/2023 Ergebnisse Kreismeisterschaften KK 04\/2023 Ergebnisse Kreismeisterschaften Luftgewehr 03\/2023 &nbsp; 2022 Protokoll K\u00f6nigsschie\u00dfen 2022 Ergebnislisten Sniper 2022 2021 Protokoll K\u00f6nigsschie\u00dfen 2021 Info Schreiben BDS Landesmeisterschaft Langwaffe Pr\u00e4zision 100m \/ 300m BDS Landesmeisterschaft Langwaffe Pr\u00e4zision 100m \/ 300m Ergebnisse 16 Sniper Tag Vereinsmeisterschaft LD 2022 2020 Neujahrsschie\u00dfen &hellip; <\/p>\n<p class=\"link-more\"><a href=\"https:\/\/wordpress.sportschuetzen-kritzmow.de\/?page_id=34\" class=\"more-link\"><span class=\"screen-reader-text\">\u201eErgebnisse\u201c<\/span> weiterlesen<\/a><\/p>\n","protected":false},"author":1,"featured_media":0,"parent":0,"menu_order":0,"comment_status":"closed","ping_status":"closed","template":"","meta":{"footnotes":""},"_links":{"self":[{"href":"https:\/\/wordpress.sportschuetzen-kritzmow.de\/index.php?rest_route=\/wp\/v2\/pages\/34"}],"collection":[{"href":"https:\/\/wordpress.sportschuetzen-kritzmow.de\/index.php?rest_route=\/wp\/v2\/pages"}],"about":[{"href":"https:\/\/wordpress.sportschuetzen-kritzmow.de\/index.php?rest_route=\/wp\/v2\/types\/page"}],"author":[{"embeddable":true,"href":"https:\/\/wordpress.sportschuetzen-kritzmow.de\/index.php?rest_route=\/wp\/v2\/users\/1"}],"replies":[{"embeddable":true,"href":"https:\/\/wordpress.sportschuetzen-kritzmow.de\/index.php?rest_route=%2Fwp%2Fv2%2Fcomments&post=34"}],"version-history":[{"count":108,"href":"https:\/\/wordpress.sportschuetzen-kritzmow.de\/index.php?rest_route=\/wp\/v2\/pages\/34\/revisions"}],"predecessor-version":[{"id":1649,"href":"https:\/\/wordpress.sportschuetzen-kritzmow.de\/index.php?rest_route=\/wp\/v2\/pages\/34\/revisions\/1649"}],"wp:attachment":[{"href":"https:\/\/wordpress.sportschuetzen-kritzmow.de\/index.php?rest_route=%2Fwp%2Fv2%2Fmedia&parent=34"}],"curies":[{"name":"wp","href":"https:\/\/api.w.org\/{rel}","templated":true}]}}