{"id":177,"date":"2018-03-16T08:09:51","date_gmt":"2018-03-16T08:09:51","guid":{"rendered":"http:\/\/wordpress.sportschuetzen-kritzmow.de\/?page_id=177"},"modified":"2023-09-15T18:57:03","modified_gmt":"2023-09-15T17:57:03","slug":"schuetzenfest","status":"publish","type":"page","link":"https:\/\/wordpress.sportschuetzen-kritzmow.de\/?page_id=177","title":{"rendered":"Sch\u00fctzenfest"},"content":{"rendered":"<div id=\"pl-177\"  class=\"panel-layout\" ><div id=\"pg-177-0\"  class=\"panel-grid panel-no-style\" ><div id=\"pgc-177-0-0\"  class=\"panel-grid-cell\" ><div id=\"panel-177-0-0-0\" class=\"so-panel widget widget_text panel-first-child\" data-index=\"0\" >\t\t\t<div class=\"textwidget\"><p>K\u00f6nigspaar 2023\u00a0\u00a0 K\u00f6nig Thomas und K\u00f6nigin Sandra<\/p>\n<p><a href=\"http:\/\/wordpress.sportschuetzen-kritzmow.de\/wp-content\/uploads\/2023\/08\/IMG_3406.jpeg\"><img loading=\"lazy\" decoding=\"async\" class=\"aligncenter wp-image-1625 size-medium\" src=\"http:\/\/wordpress.sportschuetzen-kritzmow.de\/wp-content\/uploads\/2023\/08\/IMG_3406-210x300.jpeg\" alt=\"\" width=\"210\" height=\"300\" srcset=\"https:\/\/wordpress.sportschuetzen-kritzmow.de\/wp-content\/uploads\/2023\/08\/IMG_3406-210x300.jpeg 210w, https:\/\/wordpress.sportschuetzen-kritzmow.de\/wp-content\/uploads\/2023\/08\/IMG_3406.jpeg 447w\" sizes=\"(max-width: 210px) 100vw, 210px\" \/><\/a><\/p>\n<p>K\u00f6nigspaar 2021 \u00a0 K\u00f6nig Thomas und K\u00f6nigin Edith<a href=\"http:\/\/wordpress.sportschuetzen-kritzmow.de\/wp-content\/uploads\/2021\/08\/IMG_7723.jpg\"><img loading=\"lazy\" decoding=\"async\" class=\"aligncenter wp-image-1290 size-medium\" src=\"http:\/\/wordpress.sportschuetzen-kritzmow.de\/wp-content\/uploads\/2021\/08\/IMG_7723-225x300.jpg\" alt=\"\" width=\"225\" height=\"300\" srcset=\"https:\/\/wordpress.sportschuetzen-kritzmow.de\/wp-content\/uploads\/2021\/08\/IMG_7723-225x300.jpg 225w, https:\/\/wordpress.sportschuetzen-kritzmow.de\/wp-content\/uploads\/2021\/08\/IMG_7723-768x1024.jpg 768w, https:\/\/wordpress.sportschuetzen-kritzmow.de\/wp-content\/uploads\/2021\/08\/IMG_7723-1152x1536.jpg 1152w, https:\/\/wordpress.sportschuetzen-kritzmow.de\/wp-content\/uploads\/2021\/08\/IMG_7723.jpg 1200w\" sizes=\"(max-width: 225px) 100vw, 225px\" \/><\/a><\/p>\n<p>K\u00f6nigspaar 2020 \u00a0 K\u00f6nig Uwe und K\u00f6nigin Gabi<\/p>\n<p><a href=\"http:\/\/wordpress.sportschuetzen-kritzmow.de\/wp-content\/uploads\/2020\/09\/IMG_7834-rotated.jpg\"><img loading=\"lazy\" decoding=\"async\" class=\"aligncenter wp-image-1149 size-medium\" src=\"http:\/\/wordpress.sportschuetzen-kritzmow.de\/wp-content\/uploads\/2020\/09\/IMG_7834-225x300.jpg\" alt=\"\" width=\"225\" height=\"300\" srcset=\"https:\/\/wordpress.sportschuetzen-kritzmow.de\/wp-content\/uploads\/2020\/09\/IMG_7834-225x300.jpg 225w, https:\/\/wordpress.sportschuetzen-kritzmow.de\/wp-content\/uploads\/2020\/09\/IMG_7834-768x1024.jpg 768w, https:\/\/wordpress.sportschuetzen-kritzmow.de\/wp-content\/uploads\/2020\/09\/IMG_7834-1152x1536.jpg 1152w, https:\/\/wordpress.sportschuetzen-kritzmow.de\/wp-content\/uploads\/2020\/09\/IMG_7834-rotated.jpg 1200w\" sizes=\"(max-width: 225px) 100vw, 225px\" \/><\/a><\/p>\n<p>K\u00f6nigspaar 2019 \u00a0 K\u00f6nig Marcel und K\u00f6nigin Conny<a href=\"http:\/\/wordpress.sportschuetzen-kritzmow.de\/wp-content\/uploads\/2019\/08\/IMG_8581.jpg\"><img loading=\"lazy\" decoding=\"async\" class=\"wp-image-829 size-medium aligncenter\" src=\"http:\/\/wordpress.sportschuetzen-kritzmow.de\/wp-content\/uploads\/2019\/08\/IMG_8581-300x200.jpg\" alt=\"\" width=\"300\" height=\"200\" srcset=\"https:\/\/wordpress.sportschuetzen-kritzmow.de\/wp-content\/uploads\/2019\/08\/IMG_8581-300x200.jpg 300w, https:\/\/wordpress.sportschuetzen-kritzmow.de\/wp-content\/uploads\/2019\/08\/IMG_8581-768x512.jpg 768w, https:\/\/wordpress.sportschuetzen-kritzmow.de\/wp-content\/uploads\/2019\/08\/IMG_8581-1024x683.jpg 1024w, https:\/\/wordpress.sportschuetzen-kritzmow.de\/wp-content\/uploads\/2019\/08\/IMG_8581-272x182.jpg 272w, https:\/\/wordpress.sportschuetzen-kritzmow.de\/wp-content\/uploads\/2019\/08\/IMG_8581.jpg 1800w\" sizes=\"(max-width: 300px) 100vw, 300px\" \/><\/a><\/p>\n<p>&nbsp;<\/p>\n<p><img loading=\"lazy\" decoding=\"async\" class=\"size-medium wp-image-833 alignleft\" src=\"http:\/\/wordpress.sportschuetzen-kritzmow.de\/wp-content\/uploads\/2019\/08\/IMG_8649-300x200.jpg\" alt=\"\" width=\"300\" height=\"200\" srcset=\"https:\/\/wordpress.sportschuetzen-kritzmow.de\/wp-content\/uploads\/2019\/08\/IMG_8649-300x200.jpg 300w, https:\/\/wordpress.sportschuetzen-kritzmow.de\/wp-content\/uploads\/2019\/08\/IMG_8649-768x512.jpg 768w, https:\/\/wordpress.sportschuetzen-kritzmow.de\/wp-content\/uploads\/2019\/08\/IMG_8649-1024x683.jpg 1024w, https:\/\/wordpress.sportschuetzen-kritzmow.de\/wp-content\/uploads\/2019\/08\/IMG_8649-272x182.jpg 272w, https:\/\/wordpress.sportschuetzen-kritzmow.de\/wp-content\/uploads\/2019\/08\/IMG_8649.jpg 1800w\" sizes=\"(max-width: 300px) 100vw, 300px\" \/>\u00a0\u00a0\u00a0<img loading=\"lazy\" decoding=\"async\" class=\"size-medium wp-image-840 aligncenter\" src=\"http:\/\/wordpress.sportschuetzen-kritzmow.de\/wp-content\/uploads\/2019\/08\/K\u00f6nige-mit-Hofdame-und-Ritter-300x179.jpg\" alt=\"\" width=\"300\" height=\"179\" srcset=\"https:\/\/wordpress.sportschuetzen-kritzmow.de\/wp-content\/uploads\/2019\/08\/K\u00f6nige-mit-Hofdame-und-Ritter-300x179.jpg 300w, https:\/\/wordpress.sportschuetzen-kritzmow.de\/wp-content\/uploads\/2019\/08\/K\u00f6nige-mit-Hofdame-und-Ritter-768x459.jpg 768w, https:\/\/wordpress.sportschuetzen-kritzmow.de\/wp-content\/uploads\/2019\/08\/K\u00f6nige-mit-Hofdame-und-Ritter-1024x612.jpg 1024w, https:\/\/wordpress.sportschuetzen-kritzmow.de\/wp-content\/uploads\/2019\/08\/K\u00f6nige-mit-Hofdame-und-Ritter.jpg 2009w\" sizes=\"(max-width: 300px) 100vw, 300px\" \/>\u00a0<img loading=\"lazy\" decoding=\"async\" class=\"size-medium wp-image-827 alignright\" src=\"http:\/\/wordpress.sportschuetzen-kritzmow.de\/wp-content\/uploads\/2019\/08\/IMG_8558-300x200.jpg\" alt=\"\" width=\"300\" height=\"200\" srcset=\"https:\/\/wordpress.sportschuetzen-kritzmow.de\/wp-content\/uploads\/2019\/08\/IMG_8558-300x200.jpg 300w, https:\/\/wordpress.sportschuetzen-kritzmow.de\/wp-content\/uploads\/2019\/08\/IMG_8558-768x512.jpg 768w, https:\/\/wordpress.sportschuetzen-kritzmow.de\/wp-content\/uploads\/2019\/08\/IMG_8558-1024x683.jpg 1024w, https:\/\/wordpress.sportschuetzen-kritzmow.de\/wp-content\/uploads\/2019\/08\/IMG_8558-272x182.jpg 272w, https:\/\/wordpress.sportschuetzen-kritzmow.de\/wp-content\/uploads\/2019\/08\/IMG_8558.jpg 1800w\" sizes=\"(max-width: 300px) 100vw, 300px\" \/> <img loading=\"lazy\" decoding=\"async\" class=\"size-medium wp-image-826 aligncenter\" src=\"http:\/\/wordpress.sportschuetzen-kritzmow.de\/wp-content\/uploads\/2019\/08\/IMG_8557-300x200.jpg\" alt=\"\" width=\"300\" height=\"200\" srcset=\"https:\/\/wordpress.sportschuetzen-kritzmow.de\/wp-content\/uploads\/2019\/08\/IMG_8557-300x200.jpg 300w, https:\/\/wordpress.sportschuetzen-kritzmow.de\/wp-content\/uploads\/2019\/08\/IMG_8557-768x512.jpg 768w, https:\/\/wordpress.sportschuetzen-kritzmow.de\/wp-content\/uploads\/2019\/08\/IMG_8557-1024x683.jpg 1024w, https:\/\/wordpress.sportschuetzen-kritzmow.de\/wp-content\/uploads\/2019\/08\/IMG_8557-272x182.jpg 272w, https:\/\/wordpress.sportschuetzen-kritzmow.de\/wp-content\/uploads\/2019\/08\/IMG_8557.jpg 1800w\" sizes=\"(max-width: 300px) 100vw, 300px\" \/><\/p>\n<p>Dieses Fest war eine sehr gelungene Veranstaltung. Alle G\u00e4ste und die teilnehmenden Mitglieder waren freudig bei der Sache. Es stimmte ganz einfach alles. Der DJ\u00a0 machte eine ausgezeichnete Musik und da viel es nicht schwer ausgiebig das Tanzbein zu<img loading=\"lazy\" decoding=\"async\" class=\"size-medium wp-image-828 aligncenter\" src=\"http:\/\/wordpress.sportschuetzen-kritzmow.de\/wp-content\/uploads\/2019\/08\/IMG_8567-300x200.jpg\" alt=\"\" width=\"300\" height=\"200\" srcset=\"https:\/\/wordpress.sportschuetzen-kritzmow.de\/wp-content\/uploads\/2019\/08\/IMG_8567-300x200.jpg 300w, https:\/\/wordpress.sportschuetzen-kritzmow.de\/wp-content\/uploads\/2019\/08\/IMG_8567-768x512.jpg 768w, https:\/\/wordpress.sportschuetzen-kritzmow.de\/wp-content\/uploads\/2019\/08\/IMG_8567-1024x683.jpg 1024w, https:\/\/wordpress.sportschuetzen-kritzmow.de\/wp-content\/uploads\/2019\/08\/IMG_8567-272x182.jpg 272w, https:\/\/wordpress.sportschuetzen-kritzmow.de\/wp-content\/uploads\/2019\/08\/IMG_8567.jpg 1800w\" sizes=\"(max-width: 300px) 100vw, 300px\" \/> schwingen. Zu Beginn fand die feierliche Proklamation unseres K\u00f6nigspaares statt, es folgten weitere\u00a0sportliche Ehrungen im Zusammenhang mit dem K\u00f6nigsschie\u00dfen. Alle Teilnehmer sind mit einem solchen stimmungsvollen Abend sehr zufrieden.<\/p>\n<p><img loading=\"lazy\" decoding=\"async\" class=\"size-medium wp-image-830 alignleft\" src=\"http:\/\/wordpress.sportschuetzen-kritzmow.de\/wp-content\/uploads\/2019\/08\/IMG_8615-300x200.jpg\" alt=\"\" width=\"300\" height=\"200\" srcset=\"https:\/\/wordpress.sportschuetzen-kritzmow.de\/wp-content\/uploads\/2019\/08\/IMG_8615-300x200.jpg 300w, https:\/\/wordpress.sportschuetzen-kritzmow.de\/wp-content\/uploads\/2019\/08\/IMG_8615-768x512.jpg 768w, https:\/\/wordpress.sportschuetzen-kritzmow.de\/wp-content\/uploads\/2019\/08\/IMG_8615-1024x683.jpg 1024w, https:\/\/wordpress.sportschuetzen-kritzmow.de\/wp-content\/uploads\/2019\/08\/IMG_8615-272x182.jpg 272w, https:\/\/wordpress.sportschuetzen-kritzmow.de\/wp-content\/uploads\/2019\/08\/IMG_8615.jpg 1800w\" sizes=\"(max-width: 300px) 100vw, 300px\" \/> \u00a0 \u00a0 \u00a0 \u00a0 \u00a0 \u00a0 \u00a0 \u00a0 \u00a0 \u00a0 \u00a0 \u00a0 \u00a0 \u00a0 \u00a0 \u00a0 \u00a0 \u00a0 \u00a0 \u00a0 \u00a0 \u00a0 \u00a0 \u00a0 \u00a0 \u00a0 \u00a0 \u00a0 \u00a0 \u00a0 \u00a0 \u00a0 \u00a0 \u00a0 \u00a0 \u00a0 \u00a0 \u00a0 \u00a0 \u00a0 \u00a0 \u00a0 \u00a0 \u00a0 \u00a0 \u00a0 \u00a0 \u00a0 \u00a0 \u00a0 \u00a0 \u00a0 \u00a0 \u00a0 \u00a0 \u00a0 \u00a0 \u00a0 \u00a0 \u00a0 <img loading=\"lazy\" decoding=\"async\" class=\"size-medium wp-image-834 alignright\" src=\"http:\/\/wordpress.sportschuetzen-kritzmow.de\/wp-content\/uploads\/2019\/08\/IMG_8673-300x200.jpg\" alt=\"\" width=\"300\" height=\"200\" srcset=\"https:\/\/wordpress.sportschuetzen-kritzmow.de\/wp-content\/uploads\/2019\/08\/IMG_8673-300x200.jpg 300w, https:\/\/wordpress.sportschuetzen-kritzmow.de\/wp-content\/uploads\/2019\/08\/IMG_8673-768x512.jpg 768w, https:\/\/wordpress.sportschuetzen-kritzmow.de\/wp-content\/uploads\/2019\/08\/IMG_8673-1024x683.jpg 1024w, https:\/\/wordpress.sportschuetzen-kritzmow.de\/wp-content\/uploads\/2019\/08\/IMG_8673-272x182.jpg 272w, https:\/\/wordpress.sportschuetzen-kritzmow.de\/wp-content\/uploads\/2019\/08\/IMG_8673.jpg 1800w\" sizes=\"(max-width: 300px) 100vw, 300px\" \/><\/p>\n<\/div>\n\t\t<\/div><div id=\"panel-177-0-0-1\" class=\"so-panel widget widget_text panel-last-child\" data-index=\"1\" ><h3 class=\"widget-title\">Unsere K\u00f6nigspaare<\/h3>\t\t\t<div class=\"textwidget\"><p>&nbsp;<\/p>\n<p><img loading=\"lazy\" decoding=\"async\" class=\"size-full wp-image-1633 aligncenter\" src=\"http:\/\/wordpress.sportschuetzen-kritzmow.de\/wp-content\/uploads\/2023\/08\/Wappen.jpg\" alt=\"\" width=\"175\" height=\"220\" \/><\/p>\n<table id=\"Tabelle1\" style=\"height: 370px;\" border=\"1\" width=\"100%\" cellspacing=\"3\" cellpadding=\"1\">\n<tbody>\n<tr style=\"height: 22px;\">\n<td id=\"Zelle1\" width=\"63\">\n<p style=\"margin-bottom: 0px;\">\n<\/td>\n<td id=\"Zelle2\" width=\"209\">\n<p style=\"margin-bottom: 0px;\"><b><span style=\"font-family: 'Times New Roman', Times, Serif; font-size: medium;\">K\u00f6nig<\/span><\/b><\/p>\n<\/td>\n<td id=\"Zelle23\" width=\"227\">\n<p style=\"margin-bottom: 0px;\"><b><span style=\"font-family: 'Times New Roman', Times, Serif; font-size: medium;\">K\u00f6nigin<\/span><\/b><\/p>\n<\/td>\n<\/tr>\n<tr>\n<td id=\"Zelle66\" style=\"height: 19px;\">\n<p style=\"margin-bottom: 0px;\">2023<\/p>\n<\/td>\n<td id=\"Zelle65\" style=\"height: 19px;\">\n<p style=\"margin-bottom: 0px;\">Thomas M\u00fcller<\/p>\n<\/td>\n<td id=\"Zelle64\" style=\"height: 19px;\">\n<p style=\"margin-bottom: 0px;\">Sandra M\u00fcller<\/p>\n<\/td>\n<\/tr>\n<tr>\n<td id=\"Zelle63\" style=\"height: 19px;\">\n<p style=\"margin-bottom: 0px;\">2022<\/p>\n<\/td>\n<td id=\"Zelle62\" style=\"height: 19px;\">\n<p style=\"margin-bottom: 0px;\">Gerd Tolla<\/p>\n<\/td>\n<td id=\"Zelle61\" style=\"height: 19px;\">\n<p style=\"margin-bottom: 0px;\">Barbara J\u00fcrges<\/p>\n<\/td>\n<\/tr>\n<tr>\n<td id=\"Zelle63\" style=\"height: 19px;\">\n<p style=\"margin-bottom: 0px;\">2021<\/p>\n<\/td>\n<td id=\"Zelle62\" style=\"height: 19px;\">\n<p style=\"margin-bottom: 0px;\">Thomas Knopp<\/p>\n<\/td>\n<td id=\"Zelle61\" style=\"height: 19px;\">\n<p style=\"margin-bottom: 0px;\">Edith Eckner<\/p>\n<\/td>\n<\/tr>\n<tr>\n<td id=\"Zelle63\" style=\"height: 19px;\">\n<p style=\"margin-bottom: 0px;\">2020<\/p>\n<\/td>\n<td id=\"Zelle62\" style=\"height: 19px;\">\n<p style=\"margin-bottom: 0px;\">Uwe L\u00f6tsch<\/p>\n<\/td>\n<td id=\"Zelle61\" style=\"height: 19px;\">\n<p style=\"margin-bottom: 0px;\">Gabi Salzmann<\/p>\n<\/td>\n<\/tr>\n<tr>\n<td id=\"Zelle63\" style=\"height: 19px;\">\n<p style=\"margin-bottom: 0px;\">2019<\/p>\n<\/td>\n<td id=\"Zelle62\" style=\"height: 19px;\">\n<p style=\"margin-bottom: 0px;\">Marcel<\/p>\n<\/td>\n<td id=\"Zelle61\" style=\"height: 19px;\">\n<p style=\"margin-bottom: 0px;\">Cornelia L\u00f6tsch<\/p>\n<\/td>\n<\/tr>\n<tr>\n<td id=\"Zelle63\" style=\"height: 19px;\">\n<p style=\"margin-bottom: 0px;\">2018<\/p>\n<\/td>\n<td id=\"Zelle62\" style=\"height: 19px;\">\n<p style=\"margin-bottom: 0px;\">Uwe Bracker<\/p>\n<\/td>\n<td id=\"Zelle61\" style=\"height: 19px;\">\n<p style=\"margin-bottom: 0px;\">Gabi Salzmann<\/p>\n<\/td>\n<\/tr>\n<tr>\n<td id=\"Zelle63\" style=\"height: 19px;\">\n<p style=\"margin-bottom: 0px;\">2017<\/p>\n<\/td>\n<td id=\"Zelle62\" style=\"height: 19px;\">\n<p style=\"margin-bottom: 0px;\">Renee Riewoldt<\/p>\n<\/td>\n<td id=\"Zelle61\" style=\"height: 19px;\">\n<p style=\"margin-bottom: 0px;\">Sylke Schirm<\/p>\n<\/td>\n<\/tr>\n<tr>\n<td id=\"Zelle63\" style=\"height: 19px;\">\n<p style=\"margin-bottom: 0px;\">2016<\/p>\n<\/td>\n<td id=\"Zelle62\" style=\"height: 19px;\">\n<p style=\"margin-bottom: 0px;\">Gerd Tolla<\/p>\n<\/td>\n<td id=\"Zelle61\" style=\"height: 19px;\">\n<p style=\"margin-bottom: 0px;\">Claudia Jensen<\/p>\n<\/td>\n<\/tr>\n<tr style=\"height: 19px;\">\n<td id=\"Zelle60\">\n<p style=\"margin-bottom: 0px;\">2015<\/p>\n<\/td>\n<td id=\"Zelle59\">\n<p style=\"margin-bottom: 0px;\">Harry Boog<\/p>\n<\/td>\n<td id=\"Zelle58\">\n<p style=\"margin-bottom: 0px;\">Erika Michelsen<\/p>\n<\/td>\n<\/tr>\n<tr style=\"height: 19px;\">\n<td id=\"Zelle57\">\n<p style=\"margin-bottom: 0px;\">2014<\/p>\n<\/td>\n<td id=\"Zelle56\">\n<p style=\"margin-bottom: 0px;\">Steffen Henning<\/p>\n<\/td>\n<td id=\"Zelle55\">\n<p style=\"margin-bottom: 0px;\">Claudia Jensen<\/p>\n<\/td>\n<\/tr>\n<tr style=\"height: 19px;\">\n<td id=\"Zelle54\">\n<p style=\"margin-bottom: 0px;\">2013<\/p>\n<\/td>\n<td id=\"Zelle53\">\n<p style=\"margin-bottom: 0px;\">Stefan Jung<\/p>\n<\/td>\n<td id=\"Zelle52\">\n<p style=\"margin-bottom: 0px;\">Ute Lieske<\/p>\n<\/td>\n<\/tr>\n<tr style=\"height: 19px;\">\n<td id=\"Zelle51\">\n<p style=\"margin-bottom: 0px;\">2012<\/p>\n<\/td>\n<td id=\"Zelle50\">\n<p style=\"margin-bottom: 0px;\">Manfred Raddatz<\/p>\n<\/td>\n<td id=\"Zelle49\">\n<p style=\"margin-bottom: 0px;\">Claudia Jensen<\/p>\n<\/td>\n<\/tr>\n<tr style=\"height: 19px;\">\n<td id=\"Zelle48\">\n<p style=\"margin-bottom: 0px;\">2011<\/p>\n<\/td>\n<td id=\"Zelle47\">\n<p style=\"margin-bottom: 0px;\">J\u00fcrgen Lory<\/p>\n<\/td>\n<td id=\"Zelle46\">\n<p style=\"margin-bottom: 0px;\">Anja Bohnhoff<\/p>\n<\/td>\n<\/tr>\n<tr style=\"height: 19px;\">\n<td id=\"Zelle45\">\n<p style=\"margin-bottom: 0px;\">2010<\/p>\n<\/td>\n<td id=\"Zelle44\">\n<p style=\"margin-bottom: 0px;\">Horst Haack<\/p>\n<\/td>\n<td id=\"Zelle43\">\n<p style=\"margin-bottom: 0px;\">Anne Hirsch<\/p>\n<\/td>\n<\/tr>\n<tr style=\"height: 19px;\">\n<td id=\"Zelle42\">\n<p style=\"margin-bottom: 0px;\">2009<\/p>\n<\/td>\n<td id=\"Zelle41\">\n<p style=\"margin-bottom: 0px;\">Bernhard Buhlmann<\/p>\n<\/td>\n<td id=\"Zelle40\">\n<p style=\"margin-bottom: 0px;\">Ute Lieske<\/p>\n<\/td>\n<\/tr>\n<tr style=\"height: 19px;\">\n<td id=\"Zelle39\">\n<p style=\"margin-bottom: 0px;\">2008<\/p>\n<\/td>\n<td id=\"Zelle38\">\n<p style=\"margin-bottom: 0px;\">Mathias Ebert<\/p>\n<\/td>\n<td id=\"Zelle37\">\n<p style=\"margin-bottom: 0px;\">Traudi Henning<\/p>\n<\/td>\n<\/tr>\n<tr style=\"height: 19px;\">\n<td id=\"Zelle36\">\n<p style=\"margin-bottom: 0px;\"><span style=\"font-family: 'Times New Roman', Times, Serif;\">2007<\/span><\/p>\n<\/td>\n<td id=\"Zelle35\">\n<p style=\"margin-bottom: 0px;\"><span style=\"font-size: small;\"><span style=\"font-family: 'Times New Roman', Times, Serif;\">Karl-Ludwig Schulz<\/span><\/span><\/p>\n<\/td>\n<td id=\"Zelle34\">\n<p style=\"margin-bottom: 0px;\"><span style=\"font-family: 'Times New Roman', Times, Serif;\">Heidemarie Hofrichter<\/span><\/p>\n<\/td>\n<\/tr>\n<tr style=\"height: 19px;\">\n<td id=\"Zelle3\">\n<p style=\"margin-bottom: 0px;\"><span style=\"font-family: 'Times New Roman', Times, Serif;\">2006<\/span><\/p>\n<\/td>\n<td id=\"Zelle4\">\n<p style=\"margin-bottom: 0px;\"><span style=\"font-family: 'Times New Roman', Times, Serif;\">Heinz Schreiber<\/span><\/p>\n<\/td>\n<td id=\"Zelle24\">\n<p style=\"margin-bottom: 0px;\"><span style=\"font-family: 'Times New Roman', Times, Serif;\">Renate Matz<\/span><\/p>\n<\/td>\n<\/tr>\n<tr style=\"height: 19px;\">\n<td id=\"Zelle5\">\n<p style=\"margin-bottom: 0px;\"><span style=\"font-family: 'Times New Roman', Times, Serif;\">2005<\/span><\/p>\n<\/td>\n<td id=\"Zelle6\">\n<p style=\"margin-bottom: 0px;\"><span style=\"font-family: 'Times New Roman', Times, Serif;\">Rainer Gro\u00dfe<\/span><\/p>\n<\/td>\n<td id=\"Zelle25\">\n<p style=\"margin-bottom: 0px;\"><span style=\"font-family: 'Times New Roman', Times, Serif;\">Martina Bloch<\/span><\/p>\n<\/td>\n<\/tr>\n<tr style=\"height: 19px;\">\n<td id=\"Zelle7\">\n<p style=\"margin-bottom: 0px;\"><span style=\"font-family: 'Times New Roman', Times, Serif;\">2004<\/span><\/p>\n<\/td>\n<td id=\"Zelle8\">\n<p style=\"margin-bottom: 0px;\"><span style=\"font-family: 'Times New Roman', Times, Serif;\">Heinz Hofrichter<\/span><\/p>\n<\/td>\n<td id=\"Zelle26\">\n<p style=\"margin-bottom: 0px;\"><span style=\"font-family: 'Times New Roman', Times, Serif;\">Kirsten Beyer<\/span><\/p>\n<\/td>\n<\/tr>\n<tr style=\"height: 19px;\">\n<td id=\"Zelle9\" style=\"text-decoration: none;\">\n<p style=\"margin-bottom: 0px;\"><span style=\"font-family: 'Times New Roman', Times, Serif;\">2003<\/span><\/p>\n<\/td>\n<td id=\"Zelle10\">\n<p style=\"margin-bottom: 0px;\"><span style=\"font-family: 'Times New Roman', Times, Serif;\">Jens B\u00f6hringer<\/span><\/p>\n<\/td>\n<td id=\"Zelle27\">\n<p style=\"margin-bottom: 0px;\"><span style=\"font-family: 'Times New Roman', Times, Serif;\">Heidemarie Hofrichter<\/span><\/p>\n<\/td>\n<\/tr>\n<tr style=\"height: 19px;\">\n<td id=\"Zelle11\">\n<p style=\"margin-bottom: 0px;\"><span style=\"font-family: 'Times New Roman', Times, Serif;\">2002<\/span><\/p>\n<\/td>\n<td id=\"Zelle12\">\n<p style=\"margin-bottom: 0px;\"><span style=\"font-family: 'Times New Roman', Times, Serif;\">Paul Matz<\/span><\/p>\n<\/td>\n<td id=\"Zelle28\">\n<p style=\"margin-bottom: 0px;\"><span style=\"font-family: 'Times New Roman', Times, Serif;\">Jutta Buhlmann<\/span><\/p>\n<\/td>\n<\/tr>\n<tr style=\"height: 19px;\">\n<td id=\"Zelle13\">\n<p style=\"margin-bottom: 0px;\"><span style=\"font-family: 'Times New Roman', Times, Serif;\">2001<\/span><\/p>\n<\/td>\n<td id=\"Zelle14\">\n<p style=\"margin-bottom: 0px;\"><span style=\"font-family: 'Times New Roman', Times, Serif;\">Bernhard Buhlmann<\/span><\/p>\n<\/td>\n<td id=\"Zelle29\">\n<p style=\"margin-bottom: 0px;\"><span style=\"font-family: 'Times New Roman', Times, Serif;\">Kirsten Beyer<\/span><\/p>\n<\/td>\n<\/tr>\n<tr style=\"height: 19px;\">\n<td id=\"Zelle15\">\n<p style=\"margin-bottom: 0px;\"><span style=\"font-family: 'Times New Roman', Times, Serif;\">2000<\/span><\/p>\n<\/td>\n<td id=\"Zelle16\">\n<p style=\"margin-bottom: 0px;\"><span style=\"font-family: 'Times New Roman', Times, Serif;\">Reiner M\u00fcller<\/span><\/p>\n<\/td>\n<td id=\"Zelle30\">\n<p style=\"margin-bottom: 0px;\"><span style=\"font-family: 'Times New Roman', Times, Serif;\">Simone Richter<\/span><\/p>\n<\/td>\n<\/tr>\n<tr style=\"height: 19px;\">\n<td id=\"Zelle17\">\n<p style=\"margin-bottom: 0px;\"><span style=\"font-family: 'Times New Roman', Times, Serif;\">1999<\/span><\/p>\n<\/td>\n<td id=\"Zelle18\">\n<p style=\"margin-bottom: 0px;\"><span style=\"font-family: 'Times New Roman', Times, Serif;\">Heinz Plagemann<\/span><\/p>\n<\/td>\n<td id=\"Zelle31\">\n<p style=\"margin-bottom: 0px;\"><span style=\"font-family: 'Times New Roman', Times, Serif;\">Renate Matz<\/span><\/p>\n<\/td>\n<\/tr>\n<tr style=\"height: 19px;\">\n<td id=\"Zelle19\">\n<p style=\"margin-bottom: 0px;\"><span style=\"font-family: 'Times New Roman', Times, Serif;\">1998<\/span><\/p>\n<\/td>\n<td id=\"Zelle20\">\n<p style=\"margin-bottom: 0px;\"><span style=\"font-family: 'Times New Roman', Times, Serif;\">Manfred Tsch\u00e4ge<\/span><\/p>\n<\/td>\n<td id=\"Zelle32\">\n<p style=\"margin-bottom: 0px;\"><span style=\"font-family: 'Times New Roman', Times, Serif;\">Heidemarie Hofrichter<\/span><\/p>\n<\/td>\n<\/tr>\n<tr style=\"height: 19px;\">\n<td id=\"Zelle21\">\n<p style=\"margin-bottom: 0px;\"><span style=\"font-family: 'Times New Roman', Times, Serif;\">1997<\/span><\/p>\n<\/td>\n<td id=\"Zelle22\">\n<p style=\"margin-bottom: 0px;\"><span style=\"font-family: 'Times New Roman', Times, Serif;\">Heinz Hofrichter<\/span><\/p>\n<\/td>\n<td id=\"Zelle33\">\n<p style=\"margin-bottom: 0px;\"><span style=\"font-family: 'Times New Roman', Times, Serif;\">Anke Kottas<\/span><\/p>\n<\/td>\n<\/tr>\n<\/tbody>\n<\/table>\n<\/div>\n\t\t<\/div><\/div><\/div><\/div>","protected":false},"excerpt":{"rendered":"<p>K\u00f6nigspaar 2023\u00a0\u00a0 K\u00f6nig Thomas und K\u00f6nigin Sandra K\u00f6nigspaar 2021 \u00a0 K\u00f6nig Thomas und K\u00f6nigin Edith K\u00f6nigspaar 2020 \u00a0 K\u00f6nig Uwe und K\u00f6nigin Gabi K\u00f6nigspaar 2019 \u00a0 K\u00f6nig Marcel und K\u00f6nigin Conny &nbsp; \u00a0\u00a0\u00a0\u00a0 Dieses Fest war eine sehr gelungene Veranstaltung. Alle G\u00e4ste und die teilnehmenden Mitglieder waren freudig bei der Sache. Es stimmte ganz einfach &hellip; <\/p>\n<p class=\"link-more\"><a href=\"https:\/\/wordpress.sportschuetzen-kritzmow.de\/?page_id=177\" class=\"more-link\"><span class=\"screen-reader-text\">\u201eSch\u00fctzenfest\u201c<\/span> weiterlesen<\/a><\/p>\n","protected":false},"author":1,"featured_media":0,"parent":0,"menu_order":0,"comment_status":"closed","ping_status":"closed","template":"","meta":{"footnotes":""},"_links":{"self":[{"href":"https:\/\/wordpress.sportschuetzen-kritzmow.de\/index.php?rest_route=\/wp\/v2\/pages\/177"}],"collection":[{"href":"https:\/\/wordpress.sportschuetzen-kritzmow.de\/index.php?rest_route=\/wp\/v2\/pages"}],"about":[{"href":"https:\/\/wordpress.sportschuetzen-kritzmow.de\/index.php?rest_route=\/wp\/v2\/types\/page"}],"author":[{"embeddable":true,"href":"https:\/\/wordpress.sportschuetzen-kritzmow.de\/index.php?rest_route=\/wp\/v2\/users\/1"}],"replies":[{"embeddable":true,"href":"https:\/\/wordpress.sportschuetzen-kritzmow.de\/index.php?rest_route=%2Fwp%2Fv2%2Fcomments&post=177"}],"version-history":[{"count":77,"href":"https:\/\/wordpress.sportschuetzen-kritzmow.de\/index.php?rest_route=\/wp\/v2\/pages\/177\/revisions"}],"predecessor-version":[{"id":1647,"href":"https:\/\/wordpress.sportschuetzen-kritzmow.de\/index.php?rest_route=\/wp\/v2\/pages\/177\/revisions\/1647"}],"wp:attachment":[{"href":"https:\/\/wordpress.sportschuetzen-kritzmow.de\/index.php?rest_route=%2Fwp%2Fv2%2Fmedia&parent=177"}],"curies":[{"name":"wp","href":"https:\/\/api.w.org\/{rel}","templated":true}]}}