{"id":1658,"date":"2023-10-04T18:37:58","date_gmt":"2023-10-04T17:37:58","guid":{"rendered":"https:\/\/wordpress.sportschuetzen-kritzmow.de\/?page_id=1658"},"modified":"2023-12-18T09:32:10","modified_gmt":"2023-12-18T08:32:10","slug":"bds-mg-ssvk","status":"publish","type":"page","link":"https:\/\/wordpress.sportschuetzen-kritzmow.de\/?page_id=1658","title":{"rendered":"BDS MG SSVK"},"content":{"rendered":"\n<figure class=\"wp-block-image size-full is-resized\"><img loading=\"lazy\" decoding=\"async\" width=\"782\" height=\"263\" src=\"http:\/\/wordpress.sportschuetzen-kritzmow.de\/wp-content\/uploads\/2023\/12\/Logo.jpg\" alt=\"\" class=\"wp-image-1736\" style=\"width:673px;height:auto\" srcset=\"https:\/\/wordpress.sportschuetzen-kritzmow.de\/wp-content\/uploads\/2023\/12\/Logo.jpg 782w, https:\/\/wordpress.sportschuetzen-kritzmow.de\/wp-content\/uploads\/2023\/12\/Logo-300x101.jpg 300w, https:\/\/wordpress.sportschuetzen-kritzmow.de\/wp-content\/uploads\/2023\/12\/Logo-768x258.jpg 768w\" sizes=\"(max-width: 767px) 89vw, (max-width: 1000px) 54vw, (max-width: 1071px) 543px, 580px\" \/><\/figure>\n\n\n\n<div class=\"wp-block-columns is-layout-flex wp-container-core-columns-layout-1 wp-block-columns-is-layout-flex\">\n<div class=\"wp-block-column is-layout-flow wp-block-column-is-layout-flow\" style=\"flex-basis:33.33%\">\n<h1 class=\"wp-block-heading\"><strong>Disziplinen<\/strong><\/h1>\n\n\n\n<p><a href=\"http:\/\/wordpress.sportschuetzen-kritzmow.de\/wp-content\/uploads\/2023\/12\/disziplinblatt-25m-praezision-buechse-1.pdf\">disziplinblatt 25m pr\u00e4zision b\u00fcchse<\/a><\/p>\n\n\n\n<p><a href=\"http:\/\/wordpress.sportschuetzen-kritzmow.de\/wp-content\/uploads\/2023\/10\/disziplinblatt-speed-schiessen.pdf\" target=\"_blank\" rel=\"noreferrer noopener\">disziplinblatt speed schie\u00dfen<\/a><\/p>\n\n\n\n<p><a href=\"http:\/\/wordpress.sportschuetzen-kritzmow.de\/wp-content\/uploads\/2023\/10\/disziplinblatt-speed-steel.pdf\" target=\"_blank\" rel=\"noreferrer noopener\">disziplinblatt speed steel<\/a><\/p>\n\n\n\n<p><a href=\"http:\/\/wordpress.sportschuetzen-kritzmow.de\/wp-content\/uploads\/2023\/10\/disziplinblatt-25m-kurzwaffe.pdf\" target=\"_blank\" rel=\"noreferrer noopener\">disziplinblatt 25m kurzwaffe<\/a><\/p>\n\n\n\n<p><a href=\"http:\/\/wordpress.sportschuetzen-kritzmow.de\/wp-content\/uploads\/2023\/10\/disziplinblatt-50m-langwaffe.pdf\" target=\"_blank\" rel=\"noreferrer noopener\">disziplinblatt 50m langwaffe<\/a><\/p>\n\n\n\n<p><a href=\"http:\/\/wordpress.sportschuetzen-kritzmow.de\/wp-content\/uploads\/2023\/10\/disziplinblatt-100m-langwaffe.pdf\" target=\"_blank\" rel=\"noreferrer noopener\">disziplinblatt 100m langwaffe<\/a><\/p>\n\n\n\n<p><a href=\"http:\/\/wordpress.sportschuetzen-kritzmow.de\/wp-content\/uploads\/2023\/10\/disziplinblatt-300m-langwaffe.pdf\" target=\"_blank\" rel=\"noreferrer noopener\">disziplinblatt 300m langwaffe<\/a><\/p>\n\n\n\n<p><a href=\"http:\/\/wordpress.sportschuetzen-kritzmow.de\/wp-content\/uploads\/2023\/10\/disziplinblatt-fallscheibe.pdf\" target=\"_blank\" rel=\"noreferrer noopener\">disziplinblatt fallscheibe<\/a><\/p>\n\n\n\n<p><a href=\"http:\/\/wordpress.sportschuetzen-kritzmow.de\/wp-content\/uploads\/2023\/10\/disziplinblatt-field-target.pdf\" target=\"_blank\" rel=\"noreferrer noopener\">disziplinblatt field target<\/a><\/p>\n\n\n\n<p><a href=\"http:\/\/wordpress.sportschuetzen-kritzmow.de\/wp-content\/uploads\/2023\/10\/disziplinblatt-mehrdistanz-buechse.pdf\" target=\"_blank\" rel=\"noreferrer noopener\">disziplinblatt mehrdistanz b\u00fcchse<\/a><\/p>\n\n\n\n<p><a href=\"http:\/\/wordpress.sportschuetzen-kritzmow.de\/wp-content\/uploads\/2023\/12\/disziplinblatt-mehrdistanz-flinte.pdf\" target=\"_blank\" rel=\"noreferrer noopener\">disziplinblatt mehrdistanz flinte<\/a><\/p>\n\n\n\n<p><a href=\"http:\/\/wordpress.sportschuetzen-kritzmow.de\/wp-content\/uploads\/2023\/12\/disziplinblatt-mehrdistanz-kurzwaffe-2023.pdf\" target=\"_blank\" rel=\"noreferrer noopener\">disziplinblatt mehrdistanz kurzwaffe &#8211; 2023<\/a><\/p>\n\n\n\n<p><a href=\"http:\/\/wordpress.sportschuetzen-kritzmow.de\/wp-content\/uploads\/2023\/12\/disziplinblatt-silhouette.pdf\" target=\"_blank\" rel=\"noreferrer noopener\">disziplinblatt silhouette<\/a><\/p>\n<\/div>\n\n\n\n<div class=\"wp-block-column is-layout-flow wp-block-column-is-layout-flow\" style=\"flex-basis:66.66%\">\n<p class=\"has-text-align-center\"><strong>Auszug Homepage BDS:<\/strong><\/p>\n\n\n\n<p class=\"has-text-align-center\">\u201eDer 1975 gegr\u00fcndete BDS ist der gr\u00f6\u00dfte Sportsch\u00fctzenverband f\u00fcr erlaubnispflichtige Waffen in der Bundesrepublik Deutschland und dort auch der zweitgr\u00f6\u00dfte Schie\u00dfsportverband.<\/p>\n\n\n\n<p class=\"has-text-align-center\">Der Verband ist trotz seines fast 40-j\u00e4hrigen Bestehens ein junger und dynamischer Verband geblieben. Dies dr\u00fcckt sich durch die vielen interessanten Schie\u00dfdisziplinen aus. Die Wettbewerbe wurden durch die W\u00fcnsche und Anregungen der aktiven Sch\u00fctzen gestaltet an denen sich der BDS auch k\u00fcnftig orientieren wird. Deshalb wird das Regelwerk (Sporthandbuch) immer wieder \u00fcberarbeitet, den Bed\u00fcrfnissen angepasst und dadurch auch attraktiver &#8211; nat\u00fcrlich immer mit Genehmigung durch das Bundesverwaltungsamt, wie es das Waffengesetz vorgibt. Der BDS zeigt somit sein gro\u00dfes Interesse f\u00fcr Aktualit\u00e4t, N\u00e4he zu seinen Sch\u00fctzen und dass er nicht in Tradition erstarrt.<\/p>\n\n\n\n<p class=\"has-text-align-center\">Dass dies auch gut bei den Sch\u00fctzen ankommt wird auch durch das konstante Wachstum von Mitgliedern und Mitgliedsvereinen deutlich. Mit zweistelligen prozentualen Zuw\u00e4chsen bei den Sch\u00fctzen jedes Jahr und einer hohen und ansteigenden Teilnahme an den Schie\u00dfwettbewerben festigt der BDS seine Bedeutung im deutschen Schie\u00dfsport. so gut wie alle Mitglieder sind regelm\u00e4\u00dfig im Wettkampfsport oder wenigstens auf Vereinsebene aktiv, nur zuzugucken ist ja langweilig.<\/p>\n\n\n\n<p class=\"has-text-align-center\">Bisher haben sich inzwischen mehr als 90.000 Sportsch\u00fctzen in bald 3.000 Vereinen im BDS zur gemeinsamen Schie\u00dfsportaus\u00fcbung zusammengefunden. Durch eine stets wachsende Anzahl an hauptamtlichen und ehrenamtlichen Mitarbeitern und durch die tatkr\u00e4ftige Unterst\u00fctzung der einzelnen Gesch\u00e4ftsstellen der Landesverb\u00e4nde w\u00e4chst und entwickelt sich der BDS immer weiter.\u201c<\/p>\n\n\n\n<p><strong>Wir sind mit unserer Mitgliedergruppe schie\u00dfsportlich dabei!<\/strong><\/p>\n\n\n\n<p><strong>Aktuelle Mitgliederst\u00e4rke: &nbsp;&nbsp;&nbsp;31<\/strong><\/p>\n\n\n\n<p><strong>Gruppensprecher: Dirk Richter<\/strong><\/p>\n\n\n\n<p><strong><u>Kontakt:<\/u><\/strong><\/p>\n\n\n\n<p>0381 \/ 6664888 oder 0171-8414940<\/p>\n\n\n\n<p>Mail: <a href=\"mailto:Dirk.Richter-BDS@gmx.de\">Dirk.Richter-BDS@gmx.de<\/a><\/p>\n\n\n\n<p><strong><u>N\u00fctzliche Links und Adressen:<\/u><\/strong><\/p>\n\n\n\n<p>BDS Landesverband MV&nbsp; :&nbsp;&nbsp; <a href=\"https:\/\/www.bds-lv10.de\/\">BDS Mecklenburg-Vorpommern e. V. (bds-lv10.de)<\/a><\/p>\n\n\n\n<p>Disziplinen im BDS:&nbsp;&nbsp;&nbsp;&nbsp;&nbsp;&nbsp;&nbsp;&nbsp;&nbsp;&nbsp; <a href=\"https:\/\/www.bdsnet.de\/sport\/disziplinenblaetter.html\">Bund Deutscher Sportsch\u00fctzen 1975 e.V. (bdsnet.de)<\/a><\/p>\n\n\n\n<p><strong>Wenn Du als Vereinsmitglied des SSVK 1991 e.V. dich uns anschlie\u00dfen m\u00f6chtest, bist Du herzlich willkommen.<\/strong><\/p>\n\n\n\n<p><strong><em>Sportliche Gr\u00fc\u00dfe, Dirk Richter<\/em><\/strong><\/p>\n<\/div>\n<\/div>\n\n\n\n<div class=\"wp-block-columns is-layout-flex wp-container-core-columns-layout-2 wp-block-columns-is-layout-flex\">\n<div class=\"wp-block-column is-layout-flow wp-block-column-is-layout-flow\">\n<pre class=\"wp-block-preformatted\">Anmeldung  BDS Wettkampfsystem\n\n<blockquote class=\"wp-embedded-content\" data-secret=\"bc6TSaQKqL\"><a href=\"https:\/\/www.bds-lv10.de\/verband\/onlinesystem-bds-meisterschaft\/\">Onlinesystem &#8222;BDS Meisterschaft&#8220;<\/a><\/blockquote><iframe class=\"wp-embedded-content\" sandbox=\"allow-scripts\" security=\"restricted\" style=\"position: absolute; clip: rect(1px, 1px, 1px, 1px);\" title=\"&#8222;Onlinesystem &#8222;BDS Meisterschaft&#8220;&#8220; &#8212; BDS Mecklenburg-Vorpommern e. V.\" src=\"https:\/\/www.bds-lv10.de\/verband\/onlinesystem-bds-meisterschaft\/embed\/#?secret=93Ra4Y3Xw2#?secret=bc6TSaQKqL\" data-secret=\"bc6TSaQKqL\" width=\"525\" height=\"296\" frameborder=\"0\" marginwidth=\"0\" marginheight=\"0\" scrolling=\"no\"><\/iframe>\n<\/pre>\n<\/div>\n\n\n\n<div class=\"wp-block-column is-layout-flow wp-block-column-is-layout-flow\">\n<pre class=\"wp-block-preformatted\">BDS Wettk\u00e4mpfe 2024\n\n<blockquote class=\"wp-embedded-content\" data-secret=\"kBCBAAbUNN\"><a href=\"https:\/\/www.bds-lv10.de\/veranstaltungen\/veranstaltungen-2024\/\">Veranstaltungen 2024<\/a><\/blockquote><iframe class=\"wp-embedded-content\" sandbox=\"allow-scripts\" security=\"restricted\" style=\"position: absolute; clip: rect(1px, 1px, 1px, 1px);\" title=\"&#8222;Veranstaltungen 2024&#8220; &#8212; BDS Mecklenburg-Vorpommern e. V.\" src=\"https:\/\/www.bds-lv10.de\/veranstaltungen\/veranstaltungen-2024\/embed\/#?secret=V6PQffDWmO#?secret=kBCBAAbUNN\" data-secret=\"kBCBAAbUNN\" width=\"525\" height=\"296\" frameborder=\"0\" marginwidth=\"0\" marginheight=\"0\" scrolling=\"no\"><\/iframe>\n<\/pre>\n<\/div>\n<\/div>\n\n\n\n<div class=\"wp-block-columns are-vertically-aligned-top is-layout-flex wp-container-core-columns-layout-4 wp-block-columns-is-layout-flex\">\n<div class=\"wp-block-column is-vertically-aligned-top is-layout-flow wp-block-column-is-layout-flow\" style=\"flex-basis:100%\">\n<div class=\"wp-block-columns is-layout-flex wp-container-core-columns-layout-3 wp-block-columns-is-layout-flex\">\n<div class=\"wp-block-column is-layout-flow wp-block-column-is-layout-flow\"><\/div>\n<\/div>\n<\/div>\n<\/div>\n","protected":false},"excerpt":{"rendered":"<p>Disziplinen disziplinblatt 25m pr\u00e4zision b\u00fcchse disziplinblatt speed schie\u00dfen disziplinblatt speed steel disziplinblatt 25m kurzwaffe disziplinblatt 50m langwaffe disziplinblatt 100m langwaffe disziplinblatt 300m langwaffe disziplinblatt fallscheibe disziplinblatt field target disziplinblatt mehrdistanz b\u00fcchse disziplinblatt mehrdistanz flinte disziplinblatt mehrdistanz kurzwaffe &#8211; 2023 disziplinblatt silhouette Auszug Homepage BDS: \u201eDer 1975 gegr\u00fcndete BDS ist der gr\u00f6\u00dfte Sportsch\u00fctzenverband f\u00fcr erlaubnispflichtige Waffen &hellip; <\/p>\n<p class=\"link-more\"><a href=\"https:\/\/wordpress.sportschuetzen-kritzmow.de\/?page_id=1658\" class=\"more-link\"><span class=\"screen-reader-text\">\u201eBDS MG SSVK\u201c<\/span> weiterlesen<\/a><\/p>\n","protected":false},"author":1,"featured_media":0,"parent":0,"menu_order":0,"comment_status":"closed","ping_status":"closed","template":"","meta":{"footnotes":""},"_links":{"self":[{"href":"https:\/\/wordpress.sportschuetzen-kritzmow.de\/index.php?rest_route=\/wp\/v2\/pages\/1658"}],"collection":[{"href":"https:\/\/wordpress.sportschuetzen-kritzmow.de\/index.php?rest_route=\/wp\/v2\/pages"}],"about":[{"href":"https:\/\/wordpress.sportschuetzen-kritzmow.de\/index.php?rest_route=\/wp\/v2\/types\/page"}],"author":[{"embeddable":true,"href":"https:\/\/wordpress.sportschuetzen-kritzmow.de\/index.php?rest_route=\/wp\/v2\/users\/1"}],"replies":[{"embeddable":true,"href":"https:\/\/wordpress.sportschuetzen-kritzmow.de\/index.php?rest_route=%2Fwp%2Fv2%2Fcomments&post=1658"}],"version-history":[{"count":6,"href":"https:\/\/wordpress.sportschuetzen-kritzmow.de\/index.php?rest_route=\/wp\/v2\/pages\/1658\/revisions"}],"predecessor-version":[{"id":1743,"href":"https:\/\/wordpress.sportschuetzen-kritzmow.de\/index.php?rest_route=\/wp\/v2\/pages\/1658\/revisions\/1743"}],"wp:attachment":[{"href":"https:\/\/wordpress.sportschuetzen-kritzmow.de\/index.php?rest_route=%2Fwp%2Fv2%2Fmedia&parent=1658"}],"curies":[{"name":"wp","href":"https:\/\/api.w.org\/{rel}","templated":true}]}}