{"id":162,"date":"2018-03-14T11:02:26","date_gmt":"2018-03-14T11:02:26","guid":{"rendered":"http:\/\/wordpress.sportschuetzen-kritzmow.de\/?page_id=162"},"modified":"2023-04-04T15:38:00","modified_gmt":"2023-04-04T14:38:00","slug":"verein-historie","status":"publish","type":"page","link":"https:\/\/wordpress.sportschuetzen-kritzmow.de\/?page_id=162","title":{"rendered":"Verein \/ Historie"},"content":{"rendered":"<div id=\"pl-162\"  class=\"panel-layout\" ><div id=\"pg-162-0\"  class=\"panel-grid panel-no-style\" ><div id=\"pgc-162-0-0\"  class=\"panel-grid-cell\" ><div id=\"panel-162-0-0-0\" class=\"so-panel widget widget_text panel-first-child panel-last-child\" data-index=\"0\" >\t\t\t<div class=\"textwidget\"><p><b>25 Jahre Sportsch\u00fctzenverein Kritzmow!!<\/b><\/p>\n<p>Im\u00a0 Oktober begingen wir unser 25-j\u00e4hriges Jubil\u00e4um. Der Verein hat sich mit seinen 120 Mitgliedern und einer 14-k\u00f6pfigen Kinder- und Jugendgruppe kontinuierlich entwickelt. Die Feierlichkeiten wurden im Rahmen eines <b>\u201eTag der offenen T\u00fcr\u201c<\/b> durchgef\u00fchrt. Zahlreiche Interessenten und Freunde des Schie\u00dfsportes, u.a. die B\u00fcrgermeister der Gemeinden Kritzmow und St\u00e4below, sowie Vertreter von Sch\u00fctzenvereinen aus Neukloster, Br\u00fchl (siehe Foto links), Kr\u00f6pelin, Gro\u00df L\u00fcsewitz und Ziesendorf geh\u00f6rten zu den Gratulanten.<\/p>\n<p><img loading=\"lazy\" decoding=\"async\" class=\"size-medium wp-image-166 aligncenter\" src=\"http:\/\/wordpress.sportschuetzen-kritzmow.de\/wp-content\/uploads\/2018\/03\/db_Gaste_aus_Bruhl-300x225.jpg\" alt=\"\" width=\"300\" height=\"225\" srcset=\"https:\/\/wordpress.sportschuetzen-kritzmow.de\/wp-content\/uploads\/2018\/03\/db_Gaste_aus_Bruhl-300x225.jpg 300w, https:\/\/wordpress.sportschuetzen-kritzmow.de\/wp-content\/uploads\/2018\/03\/db_Gaste_aus_Bruhl.jpg 400w\" sizes=\"(max-width: 300px) 100vw, 300px\" \/><\/p>\n<p>In kurzen Ansprachen durch den Vereinsvorsitzenden und Ehrenvorsitzenden unseres Vereins wurde die 25 Jahre Vereinsentwicklung gew\u00fcrdigt. Der anwesende Pr\u00e4sident des Stadtsportbundes Rostock, Herr Pankau, zeichnete Manfred Raddatz, f\u00fcr seine besonders aktive Arbeit mit der \u201eEhrennadel des SSB in Gold\u201c aus. Aus den H\u00e4nden unseres Vorstandsvorsitzenden erhielten Heidi Hofrichter und Heinz Plagemann in Anerkennung ihrer langj\u00e4hrigen verdienstvollen T\u00e4tigkeit die \u201eEhrennadel 25 Jahre SSVK&#8220;.<\/p>\n<p><img loading=\"lazy\" decoding=\"async\" class=\"size-medium wp-image-167 aligncenter\" src=\"http:\/\/wordpress.sportschuetzen-kritzmow.de\/wp-content\/uploads\/2018\/03\/db_Heidi_und_Heinz_mit_Urkunde_8_10_16_-1--255x300.jpg\" alt=\"\" width=\"255\" height=\"300\" srcset=\"https:\/\/wordpress.sportschuetzen-kritzmow.de\/wp-content\/uploads\/2018\/03\/db_Heidi_und_Heinz_mit_Urkunde_8_10_16_-1--255x300.jpg 255w, https:\/\/wordpress.sportschuetzen-kritzmow.de\/wp-content\/uploads\/2018\/03\/db_Heidi_und_Heinz_mit_Urkunde_8_10_16_-1-.jpg 340w\" sizes=\"(max-width: 255px) 100vw, 255px\" \/><\/p>\n<p>F\u00fcr unsere G\u00e4ste und Vereinsmitglieder wurden Wettk\u00e4mpfe im Bereich Luftdruck und KK durchgef\u00fchrt. An 6 Luftdruckdisziplinen beteiligten sich 29 Sch\u00fctzen. An den 8 KK-Gewehr- und Pistolendisziplinen waren 48 Sch\u00fctzen beteiligt. Diese Teilnahme zeigt das breite Interesse und die Freude am sch\u00f6nen Schie\u00dfsport. F\u00fcr unsere kleinen G\u00e4ste gab es ein Lichtpunkt- und Bogenschie\u00dfen. Am Ende der Wettk\u00e4mpfe wurden die Sieger mit Urkunden und Pokalen geehrt.<\/p>\n<p><img loading=\"lazy\" decoding=\"async\" class=\"size-medium wp-image-168 aligncenter\" src=\"http:\/\/wordpress.sportschuetzen-kritzmow.de\/wp-content\/uploads\/2018\/03\/Siegerehrung-2--300x225.jpg\" alt=\"\" width=\"300\" height=\"225\" srcset=\"https:\/\/wordpress.sportschuetzen-kritzmow.de\/wp-content\/uploads\/2018\/03\/Siegerehrung-2--300x225.jpg 300w, https:\/\/wordpress.sportschuetzen-kritzmow.de\/wp-content\/uploads\/2018\/03\/Siegerehrung-2-.jpg 400w\" sizes=\"(max-width: 300px) 100vw, 300px\" \/>Nicht zuletzt sorgte auch die hervorragende leibliche Versorgung im Festzelt f\u00fcr eine positive Gesamtstimmung.<\/p>\n<p>Ein Dank geht an die Mitgliedergruppe des BdMP, die 20 Jahre alt wurden, besonders Jens Kahra und Manfred Raddatz, f\u00fcr die Unterst\u00fctzung unseres Vereinsjubil\u00e4ums. Zum Schlu\u00df m\u00f6chten wir den Organisatoren und Durchf\u00fchrenden Dank sagen f\u00fcr diesen gelungenen schie\u00dfsportlichen H\u00f6hepunkt.<\/p>\n<p><b>11. Sniper-Tag in Kritzmow <\/b><\/p>\n<p>Der Wettkampf war in diesem Jahr bei herrlichem Sommerwetter, ein Tag schie\u00dfsportlicher Bestleistungen der Teilnehmer.<br \/>\nMit dem Kleinkalibergewehr wurde im Pr\u00e4zisionsschie\u00dfen in Anlehnung an die BDS-Disziplin Zielfernrohrgewehr 50 (ZG 50), 30 Sch\u00fcsse liegend aufgelegt, mit maximal 12-facher Vergr\u00f6\u00dferung im ZF, auf die 50 Meter entfernt befindlichen Schie\u00dfscheiben (BDS-ZF-Scheibe Nr.2 in Wertungsklasse 1 und BDMP 50m Scheibe f\u00fcr ZG5 in Wertungsklasse 2) abgegeben.<br \/>\nDie Schie\u00dfzeit betrug inklusive der bis zu 5 Probesch\u00fcsse und 25 Wertungssch\u00fcsse, insgesamt 30 Minuten. Die Matchwaffen wurden in einer eigenen Wertungsklasse (WK 2) zusammengefasst. Die Schie\u00dfscheiben dieser Wertungsklasse sind im Zentrum der Scheibe ca. halb so gro\u00df wie in der WK 1.<br \/>\nDie \u201eSniper-Wertung\u201c erfolgte je Wertungsklasse durch die Anzahl der meisten im Wettkampf geschossenen Innen-Zehnen (X\u2019er).<\/p>\n<p>Sniper 2016 wurden Frank P. mit 13 X\u2019ern und Valeri L. mit 7 X\u2018ern.<\/p>\n<p>In der Wertungsklasse 1 (Selbstlader und Repetiergewehre) siegte Frank P. (SVL) mit 247 Ringen, vor Marko G. (SV Plate &#8211; 246 Ringe) und den zwei Drittplatzierten Ronald L. (BDS Einzelmitglied) und Timm S. (PSG G\u00fcstrow) mit je 245 Ringen.<br \/>\nIn der Wertungsklasse der Match-Gewehre (WK 2) siegte mit 239 Ringen Marko G. vor Valeri L. (Schweriner SZ\/ 237Ringe) und Jan T. (236 Ringe) vom SZ Neubrandenburg.<\/p>\n<p>In beiden Wertungsklassen gingen insgesamt 42 Sch\u00fctzen aus 16 Vereinen mit 51 Starts in den Wettkampf. Wie dem Protokoll zu entnehmen ist, war es ein insgesamt sehr leistungsstarkes Teilnehmerfeld.<\/p>\n<p><img loading=\"lazy\" decoding=\"async\" class=\"size-medium wp-image-169 aligncenter\" src=\"http:\/\/wordpress.sportschuetzen-kritzmow.de\/wp-content\/uploads\/2018\/03\/DSC_0021-300x200.jpg\" alt=\"\" width=\"300\" height=\"200\" srcset=\"https:\/\/wordpress.sportschuetzen-kritzmow.de\/wp-content\/uploads\/2018\/03\/DSC_0021-300x200.jpg 300w, https:\/\/wordpress.sportschuetzen-kritzmow.de\/wp-content\/uploads\/2018\/03\/DSC_0021-272x182.jpg 272w, https:\/\/wordpress.sportschuetzen-kritzmow.de\/wp-content\/uploads\/2018\/03\/DSC_0021.jpg 443w\" sizes=\"(max-width: 300px) 100vw, 300px\" \/> <img loading=\"lazy\" decoding=\"async\" class=\"size-medium wp-image-170 aligncenter\" src=\"http:\/\/wordpress.sportschuetzen-kritzmow.de\/wp-content\/uploads\/2018\/03\/DSC_0025-300x199.jpg\" alt=\"\" width=\"300\" height=\"199\" srcset=\"https:\/\/wordpress.sportschuetzen-kritzmow.de\/wp-content\/uploads\/2018\/03\/DSC_0025-300x199.jpg 300w, https:\/\/wordpress.sportschuetzen-kritzmow.de\/wp-content\/uploads\/2018\/03\/DSC_0025.jpg 492w\" sizes=\"(max-width: 300px) 100vw, 300px\" \/> <img loading=\"lazy\" decoding=\"async\" class=\"size-medium wp-image-171 aligncenter\" src=\"http:\/\/wordpress.sportschuetzen-kritzmow.de\/wp-content\/uploads\/2018\/03\/DSC_0037-300x199.jpg\" alt=\"\" width=\"300\" height=\"199\" srcset=\"https:\/\/wordpress.sportschuetzen-kritzmow.de\/wp-content\/uploads\/2018\/03\/DSC_0037-300x199.jpg 300w, https:\/\/wordpress.sportschuetzen-kritzmow.de\/wp-content\/uploads\/2018\/03\/DSC_0037.jpg 447w\" sizes=\"(max-width: 300px) 100vw, 300px\" \/> <img loading=\"lazy\" decoding=\"async\" class=\"size-medium wp-image-172 aligncenter\" src=\"http:\/\/wordpress.sportschuetzen-kritzmow.de\/wp-content\/uploads\/2018\/03\/DSC_0039-300x199.jpg\" alt=\"\" width=\"300\" height=\"199\" srcset=\"https:\/\/wordpress.sportschuetzen-kritzmow.de\/wp-content\/uploads\/2018\/03\/DSC_0039-300x199.jpg 300w, https:\/\/wordpress.sportschuetzen-kritzmow.de\/wp-content\/uploads\/2018\/03\/DSC_0039.jpg 497w\" sizes=\"(max-width: 300px) 100vw, 300px\" \/><\/p>\n<p>F\u00fcr die gute Verpflegung der Starter und G\u00e4ste sorgten \u00fcber einen Caterer als Mittagskost georderte Grillhaxen mit Sauerkraut. Das soll traditionsgem\u00e4\u00df auch am 12. Sniper-Tag im n\u00e4chsten Jahr so sein.<\/p>\n<p><img loading=\"lazy\" decoding=\"async\" class=\"size-medium wp-image-173 aligncenter\" src=\"http:\/\/wordpress.sportschuetzen-kritzmow.de\/wp-content\/uploads\/2018\/03\/DSC_0056-300x199.jpg\" alt=\"\" width=\"300\" height=\"199\" srcset=\"https:\/\/wordpress.sportschuetzen-kritzmow.de\/wp-content\/uploads\/2018\/03\/DSC_0056-300x199.jpg 300w, https:\/\/wordpress.sportschuetzen-kritzmow.de\/wp-content\/uploads\/2018\/03\/DSC_0056.jpg 488w\" sizes=\"(max-width: 300px) 100vw, 300px\" \/><\/p>\n<p>Als Rahmenwettkampf wurde ein Preisschie\u00dfen mit der Armbrust angeboten. Nach 53 Starts standen auch hier die Gewinner der 4 Pr\u00e4sente fest.<\/p>\n<p>&nbsp;<\/p>\n<p><strong>Historie \/ Vereinsentwicklung<\/strong><\/p>\n<p>In Warnem\u00fcnde formierten sich nach Herstellung der Deutschen Einheit Sportsch\u00fctzen und interessierte Anh\u00e4nger des Schie\u00dfsportes zum Warnem\u00fcnder Sch\u00fctzenverein 1991 e.V. Die Schie\u00dfst\u00e4tte in Kritzmow (Trainingszentrum von Dynamo-Nord der ehemaligen DDR) und die Anlage f\u00fcr Luftdruckwaffen auf dem Gel\u00e4nde des Zollamtes in Warnem\u00fcnde dienten als Trainingsorte der Sportsch\u00fctzen. Die Gr\u00fcndung des Warnem\u00fcnder Sch\u00fctzenvereins erfolgte am 27.09.1991.<\/p>\n<p>Zur Freude aller Mitglieder konnten wir, im Juli 1994, die Weihe unserer Vereinsfahne vornehmen. Zu dieser Veranstaltung nahmen zahlreiche Sch\u00fctzenvereine der neuen und alten Bundesl\u00e4nder teil.<\/p>\n<p>Neben Leistungssch\u00fctzen des Trainingszentrums NORD wurden Jugend-, Frauen- und Seniorengruppen gebildet. Heute verf\u00fcgt der Verein \u00fcber 96 Mitglieder. In den Anfangsjahren war der Anteil von Kindern und Jugendlichen am gesamten Vereinsleben erfreulich hoch. Gern erinnern wir uns an die Jugendferienlager in Karlshagen, die Zeltlager in Graal-M\u00fcritz und an den Wettkampf zur Erringung des Peterm\u00e4nnchen-Pokals. Die Jugend-Sportspiele in MV wurden durch unsere Aktiven mit viel Freude gemeistert. Nach wie vor ist die langj\u00e4hrige Teilnahme am Bremer Marathon-Schie\u00dfen ein sportlicher H\u00f6hepunkt.<\/p>\n<p>Erfolgreich gestaltete sich die Patenschaftsarbeit in den ersten Jahren unserer Vereinsentwicklung. Der Patenschaftsvertrag, abgeschlossen im Juni 1992, mit dem Sch\u00fctzenkreis Bremerhaven e.V. war Ausdruck einer erfolgreichen Arbeit, welche sich auch bei den h\u00e4ufigen Schie\u00dfsportveranstaltungen im Kinder- und Jugendbereich in Bremerhaven, Geestem\u00fcnde, Elmshorn, Warnem\u00fcnde, Demmin und Ludwigslust widerspiegelte.<\/p>\n<p>Die Schie\u00dfst\u00e4tte des WSV 1991 e.V. in Kritzmow ist unsere Heimstatt. Hier spielt sich das schie\u00dfsportliche und breit gef\u00e4cherte Vereinsleben ab. Durch die flei\u00dfige Arbeit aller Vereinsmitglieder konnte diese Anlage zu einer anspruchsvollen Sportst\u00e4tte f\u00fcr das Schie\u00dfen mit Luftdruck- und Kleinkaliberwaffen ausgebaut werden. Mit viel Liebe und Ideenreichtum wurde unser Vereinshaus mit Terrasse weiter vervollkommnet. Neben den Kleinkaliber-Gewehr- und Pistolenst\u00e4nden existiert eine Anlage f\u00fcr Duellschie\u00dfen (Pistole) sowie Biathlon-Schu\u00dfbahnen. Ein beheizbarer Raum mit Luftdruckschie\u00dfst\u00e4nden wurde ebenfalls mit hohem Engagement durch unsere Mitglieder neu geschaffen.<\/p>\n<p>Die Sch\u00fctzen unseres Vereins trainieren regelm\u00e4\u00dfig nach den Sportordnungen des DSB,<b> <\/b>BDMP und BDS<b>.<\/b> Traditionell f\u00fchren wir bereits \u00fcber mehrere Jahre \u00d6ffentliche Preisschie\u00dfen, mit Kleinkalibergewehren und<b> <\/b>Zielfernrohr, erfolgreich durch.<\/p>\n<p>Bei den unterschiedlichsten Schie\u00dfsportwettk\u00e4mpfen erreichten wir \u00fcber Jahre gute sportliche Erfolge. Hohe Qualifikationsstufen wurden erzielt. Zweimal konnten wir bisher an den Deutschen Meisterschaften in M\u00fcnchen teilnehmen. Eine beachtliche Anzahl von Urkunden und Pokalen wurden erk\u00e4mpft. Darunter befinden sich solche begehrten Titel und Pokale wie z. B. Landes- und Kreismeister, Pokal der Deutschen Einheit, Hanse- und Gothaer Pokal, sowie der Neujahrespokal. Gro\u00dfen\u00a0 Anreiz f\u00fcr unsere schie\u00dfsportlichen T\u00e4tigkeiten bieten die j\u00e4hrlichen Vereinsmeisterschaften, der Kampf um den Titel \u201eJahresbester\u201c, sowie die Teilnahme unserer Seniorinnen und Senioren an den Seniorensportspielen des Landes MV, und die Beteiligung unseres Vereins am Nachtschie\u00dfen\u00a0 in Neubukow.<\/p>\n<p>Neben der sportlichen T\u00e4tigkeit organisieren wir f\u00fcr alle Mitglieder und G\u00e4ste<b> <\/b>ein breit gef\u00e4chertes Vereinsleben. So beteiligten wir uns jahrelang an der Warnem\u00fcnder Woche und am Warnm\u00fcnder Umgang. Unsere Repr\u00e4sentationsgruppe kam zur Er\u00f6ffnung bei gesellschaftlichen H\u00f6hepunkten durch Salutsch\u00fcsse zum\u00a0 Einsatz. Wir waren ebenfalls bei Schiffstaufen in Waren M\u00fcritz und anderen Anl\u00e4ssen in gleicher Weise pr\u00e4sent.<\/p>\n<p>Im Verein ermitteln wir bis 2009 die Maik\u00f6nige. Traditionell wird jedes Jahr das K\u00f6nigsadlerschie\u00dfen durchgef\u00fchrt. Im Ergebnis dessen gibt es jedes Jahr im Verein eine Sch\u00fctzenk\u00f6nigin und einen Sch\u00fctzenk\u00f6nig und deren Gefolge. Am Tage des Vereinsk\u00f6nigsschie\u00dfen folgt ein z\u00fcnftiger Sch\u00fctzenball.<\/p>\n<p>Als eine bew\u00e4hrte sportliche Ma\u00dfnahme werden \u00fcber mehrere Monate im Jahr in den KK- Gewehr- und Pistolendisziplinen die Titel ,,Jahresbester\u201c erk\u00e4mpft. Das Vereinsleben wird weiterhin bereichert durch Neujahres- und Osterschie\u00dfen, Himmelfahrtsschie\u00dfen mit Grillparty, Paarschie\u00dfen und weitere Spa\u00dfschie\u00dfen. Unsere Sch\u00fctzendamen sind aktiv bei der Organisation und Durchf\u00fchrung eines monatlichen ,,Kaffeeklatsches\u201c. Weiterhin werden Schie\u00dfwettbewerbe, zum Beispiel die Ermittlung der Siegerin des Fr\u00fchlingspokals, der Rosen- und Eisk\u00f6nigin und eine feierliche Weihnachtsfeier organisiert.<\/p>\n<p>Unser Sportsch\u00fctzenverein ist bem\u00fcht \u00f6ffentlich wirksam aufzutreten. So beteiligten wir uns\u00a0 bei Gemeindeveranstaltungen in der Gemeinde Kritzmow durch Luftgewehr- und Armbrustschie\u00dfst\u00e4nde. Im Rahmen von Schulveranstaltungen in Rostock und Kritzmow stellten wir unseren Verein auf\u00a0 Schautafeln vor und halfen in Form von Trainern\/Aufsichten bei schie\u00dfsportlichen Wettbewerben, sowie durch schie\u00dfsportliche \u00dcbungen mit\u00a0 Lichtpunktger\u00e4ten.<\/p>\n<p>Schie\u00dfsportlich Gro\u00dfveranstaltungen unter Einbeziehung der \u00d6ffentlichkeit sowie anderer Vereine, Verb\u00e4nde erfreuen sich zunehmender Beliebtheit. Ab dem Jahre 2006 f\u00fchren wir j\u00e4hrlich den Kritzmower Sniper-Tag\u00a0 (Schie\u00dfen KK-Gewehre mit Zielfernrohr) durch. Neu ins Leben gerufen wurde ein Armbrustschie\u00dfen der Gemeinde Kritzmow.<\/p>\n<p>Aufgrund der Tatsache, dass das Vereinsgel\u00e4nde auf dem Gebiet der Gemeinde Kritzmow liegt, gab es in der Vergangenheit eine zunehmend engere Zusammenarbeit mit dem Gemeinderat und seinem B\u00fcrgermeister, und bei Veranstaltungen in der Gemeinde.<\/p>\n<p>Diese konstruktive Zusammenarbeit gipfelte am 07.03.2010\u00a0 in der Umbenennung unseres Vereins in<\/p>\n<p><strong>\u00a0\u00a0\u00a0\u00a0\u00a0\u00a0\u00a0\u00a0\u00a0\u00a0\u00a0\u00a0\u00a0\u00a0\u00a0\u00a0\u00a0\u00a0\u00a0\u00a0\u00a0\u00a0\u00a0\u00a0\u00a0\u00a0\u00a0\u00a0\u00a0\u00a0\u00a0\u00a0\u00a0\u00a0\u00a0\u00a0 ,,Sportsch\u00fctzenverein Kritzmow 1991 e.V.\u201c.<\/strong><\/p>\n<\/div>\n\t\t<\/div><\/div><\/div><\/div>","protected":false},"excerpt":{"rendered":"<p>25 Jahre Sportsch\u00fctzenverein Kritzmow!! Im\u00a0 Oktober begingen wir unser 25-j\u00e4hriges Jubil\u00e4um. Der Verein hat sich mit seinen 120 Mitgliedern und einer 14-k\u00f6pfigen Kinder- und Jugendgruppe kontinuierlich entwickelt. Die Feierlichkeiten wurden im Rahmen eines \u201eTag der offenen T\u00fcr\u201c durchgef\u00fchrt. Zahlreiche Interessenten und Freunde des Schie\u00dfsportes, u.a. die B\u00fcrgermeister der Gemeinden Kritzmow und St\u00e4below, sowie Vertreter von &hellip; <\/p>\n<p class=\"link-more\"><a href=\"https:\/\/wordpress.sportschuetzen-kritzmow.de\/?page_id=162\" class=\"more-link\"><span class=\"screen-reader-text\">\u201eVerein \/ Historie\u201c<\/span> weiterlesen<\/a><\/p>\n","protected":false},"author":1,"featured_media":0,"parent":0,"menu_order":0,"comment_status":"closed","ping_status":"closed","template":"","meta":{"footnotes":""},"_links":{"self":[{"href":"https:\/\/wordpress.sportschuetzen-kritzmow.de\/index.php?rest_route=\/wp\/v2\/pages\/162"}],"collection":[{"href":"https:\/\/wordpress.sportschuetzen-kritzmow.de\/index.php?rest_route=\/wp\/v2\/pages"}],"about":[{"href":"https:\/\/wordpress.sportschuetzen-kritzmow.de\/index.php?rest_route=\/wp\/v2\/types\/page"}],"author":[{"embeddable":true,"href":"https:\/\/wordpress.sportschuetzen-kritzmow.de\/index.php?rest_route=\/wp\/v2\/users\/1"}],"replies":[{"embeddable":true,"href":"https:\/\/wordpress.sportschuetzen-kritzmow.de\/index.php?rest_route=%2Fwp%2Fv2%2Fcomments&post=162"}],"version-history":[{"count":10,"href":"https:\/\/wordpress.sportschuetzen-kritzmow.de\/index.php?rest_route=\/wp\/v2\/pages\/162\/revisions"}],"predecessor-version":[{"id":1412,"href":"https:\/\/wordpress.sportschuetzen-kritzmow.de\/index.php?rest_route=\/wp\/v2\/pages\/162\/revisions\/1412"}],"wp:attachment":[{"href":"https:\/\/wordpress.sportschuetzen-kritzmow.de\/index.php?rest_route=%2Fwp%2Fv2%2Fmedia&parent=162"}],"curies":[{"name":"wp","href":"https:\/\/api.w.org\/{rel}","templated":true}]}}